{"id":3029,"date":"2024-06-25T17:16:44","date_gmt":"2024-06-25T15:16:44","guid":{"rendered":"https:\/\/danemark.diplomatie.gov.bf\/?page_id=3029"},"modified":"2024-08-29T12:27:29","modified_gmt":"2024-08-29T10:27:29","slug":"lambassade","status":"publish","type":"page","link":"https:\/\/danemark.diplomatie.gov.bf\/index.php\/lambassade\/","title":{"rendered":"L\u2019Ambassade"},"content":{"rendered":"\t\t<div data-elementor-type=\"wp-page\" data-elementor-id=\"3029\" class=\"elementor elementor-3029\" data-elementor-post-type=\"page\">\n\t\t\t\t<div data-particle_enable=\"false\" data-particle-mobile-disabled=\"false\" class=\"elementor-element elementor-element-1118693 e-flex e-con-boxed e-con e-parent\" data-id=\"1118693\" data-element_type=\"container\" data-e-type=\"container\" data-settings=\"{&quot;background_background&quot;:&quot;classic&quot;}\">\n\t\t\t\t\t<div class=\"e-con-inner\">\n\t\t<div data-particle_enable=\"false\" data-particle-mobile-disabled=\"false\" class=\"elementor-element elementor-element-02acb59 e-con-full e-flex e-con e-child\" data-id=\"02acb59\" data-element_type=\"container\" data-e-type=\"container\">\n\t\t\t\t<div class=\"elementor-element elementor-element-5bd8cc9 elementor-widget elementor-widget-image\" data-id=\"5bd8cc9\" data-element_type=\"widget\" data-e-type=\"widget\" data-widget_type=\"image.default\">\n\t\t\t\t<div class=\"elementor-widget-container\">\n\t\t\t\t\t\t\t\t\t\t\t\t<figure class=\"wp-caption\">\n\t\t\t\t\t\t\t\t\t\t\t<a href=\"https:\/\/danemark.diplomatie.gov.bf\/wp-content\/uploads\/sites\/7\/2024\/08\/bat_ambassade.jpg\" data-elementor-open-lightbox=\"yes\" data-elementor-lightbox-title=\"bat_ambassade\" data-e-action-hash=\"#elementor-action%3Aaction%3Dlightbox%26settings%3DeyJpZCI6NDY5MSwidXJsIjoiaHR0cHM6XC9cL2RhbmVtYXJrLmRpcGxvbWF0aWUuZ292LmJmXC93cC1jb250ZW50XC91cGxvYWRzXC9zaXRlc1wvN1wvMjAyNFwvMDhcL2JhdF9hbWJhc3NhZGUuanBnIn0%3D\">\n\t\t\t\t\t\t\t<img fetchpriority=\"high\" decoding=\"async\" width=\"640\" height=\"480\" src=\"https:\/\/danemark.diplomatie.gov.bf\/wp-content\/uploads\/sites\/7\/2024\/08\/bat_ambassade.jpg\" class=\"attachment-large size-large wp-image-4691\" alt=\"\" \/>\t\t\t\t\t\t\t\t<\/a>\n\t\t\t\t\t\t\t\t\t\t\t<figcaption class=\"widget-image-caption wp-caption-text\">Ambassade du Burkina Faso \u00e0 Copenhague au Danemark<\/figcaption>\n\t\t\t\t\t\t\t\t\t\t<\/figure>\n\t\t\t\t\t\t\t\t\t<\/div>\n\t\t\t\t<\/div>\n\t\t\t\t<\/div>\n\t\t<div data-particle_enable=\"false\" data-particle-mobile-disabled=\"false\" class=\"elementor-element elementor-element-32a00ed e-con-full e-flex e-con e-child\" data-id=\"32a00ed\" data-element_type=\"container\" data-e-type=\"container\">\n\t\t\t\t<div class=\"elementor-element elementor-element-4466885 elementor-widget elementor-widget-text-editor\" data-id=\"4466885\" data-element_type=\"widget\" data-e-type=\"widget\" data-widget_type=\"text-editor.default\">\n\t\t\t\t<div class=\"elementor-widget-container\">\n\t\t\t\t\t\t\t\t\t<p>L&rsquo;Ambassade du Burkina Faso \u00e0 Copenhague est la repr\u00e9sentation diplomatique du Burkina Faso au Royaume de Danemark. Elle a \u00e9t\u00e9 ouverte en 1980 et couvre l\u2019ensemble des pays nordiques que sont les Royaumes de Danemark, de Su\u00e8de et de Norv\u00e8ge, ainsi que les R\u00e9publiques de Finlande et d\u2019Islande. Elle joue un r\u00f4le crucial dans le renforcement des relations bilat\u00e9rales entre le Burkina Faso et ces pays tout en veillant \u00e0 la d\u00e9fense des int\u00e9r\u00eats des ressortissants burkinab\u00e8 r\u00e9sidents dans la juridiction.\u00a0<\/p><p>Les relations diplomatiques entre le Burkina Faso et le Royaume de Danemark datent de 1973.<\/p><p>A son ouverture, elle a \u00e9t\u00e9 dirig\u00e9e par un Charg\u00e9 d\u2019Affaires a.i. en l\u2019occurrence Monsieur Minoungou Dieudonn\u00e9. Par la suite, l\u2019Ambassade a eu les Chefs de mission suivants\u00a0:<\/p><ol><li><strong><em>SEM Marc YAO (1980-1984);<\/em><\/strong><\/li><li><strong><em>Bruno ZIDOUENBA (1986-1989);<\/em><\/strong><\/li><li><strong><em>SEM Anne KONATE (1990-1999)<\/em><\/strong><\/li><li><strong><em>SEM C\u00e9cile YODA (2001-2007)\u00a0;<\/em><\/strong><\/li><li><strong><em>SEM Monique Ilboudo (2008-2015)\u00a0;<\/em><\/strong><\/li><li><strong><em>SEM Maria-Gorotti Blandine AGALEOUE ADOUA\/DICKO (2017-2021);<\/em><\/strong><\/li><li><strong><em>SEM Adeline Mireille SAMA\/BICABA, depuis juillet 2024.<\/em><\/strong><\/li><\/ol>\t\t\t\t\t\t\t\t<\/div>\n\t\t\t\t<\/div>\n\t\t\t\t<\/div>\n\t\t\t\t\t<\/div>\n\t\t\t\t<\/div>\n\t\t<div data-particle_enable=\"false\" data-particle-mobile-disabled=\"false\" class=\"elementor-element elementor-element-3d7e291 e-flex e-con-boxed e-con e-parent\" data-id=\"3d7e291\" data-element_type=\"container\" data-e-type=\"container\" data-settings=\"{&quot;background_background&quot;:&quot;classic&quot;,&quot;background_motion_fx_motion_fx_scrolling&quot;:&quot;yes&quot;,&quot;background_motion_fx_translateY_effect&quot;:&quot;yes&quot;,&quot;shape_divider_top&quot;:&quot;triangle-asymmetrical&quot;,&quot;shape_divider_bottom&quot;:&quot;wave-brush&quot;,&quot;background_motion_fx_translateY_speed&quot;:{&quot;unit&quot;:&quot;px&quot;,&quot;size&quot;:4,&quot;sizes&quot;:[]},&quot;background_motion_fx_translateY_affectedRange&quot;:{&quot;unit&quot;:&quot;%&quot;,&quot;size&quot;:&quot;&quot;,&quot;sizes&quot;:{&quot;start&quot;:0,&quot;end&quot;:100}},&quot;background_motion_fx_devices&quot;:[&quot;desktop&quot;,&quot;tablet&quot;,&quot;mobile&quot;]}\">\n\t\t\t\t\t<div class=\"e-con-inner\">\n\t\t\t\t<div class=\"elementor-shape elementor-shape-top\" aria-hidden=\"true\" data-negative=\"false\">\n\t\t\t<svg xmlns=\"http:\/\/www.w3.org\/2000\/svg\" viewBox=\"0 0 1000 100\" preserveAspectRatio=\"none\">\n\t<path class=\"elementor-shape-fill\" d=\"M738,99l262-93V0H0v5.6L738,99z\"\/>\n<\/svg>\t\t<\/div>\n\t\t\t\t<div class=\"elementor-shape elementor-shape-bottom\" aria-hidden=\"true\" data-negative=\"false\">\n\t\t\t<svg xmlns=\"http:\/\/www.w3.org\/2000\/svg\" viewBox=\"0 0 283.5 27.8\" preserveAspectRatio=\"none\">\n\t<path class=\"elementor-shape-fill\" d=\"M283.5,9.7c0,0-7.3,4.3-14,4.6c-6.8,0.3-12.6,0-20.9-1.5c-11.3-2-33.1-10.1-44.7-5.7\ts-12.1,4.6-18,7.4c-6.6,3.2-20,9.6-36.6,9.3C131.6,23.5,99.5,7.2,86.3,8c-1.4,0.1-6.6,0.8-10.5,2c-3.8,1.2-9.4,3.8-17,4.7\tc-3.2,0.4-8.3,1.1-14.2,0.9c-1.5-0.1-6.3-0.4-12-1.6c-5.7-1.2-11-3.1-15.8-3.7C6.5,9.2,0,10.8,0,10.8V0h283.5V9.7z M260.8,11.3\tc-0.7-1-2-0.4-4.3-0.4c-2.3,0-6.1-1.2-5.8-1.1c0.3,0.1,3.1,1.5,6,1.9C259.7,12.2,261.4,12.3,260.8,11.3z M242.4,8.6\tc0,0-2.4-0.2-5.6-0.9c-3.2-0.8-10.3-2.8-15.1-3.5c-8.2-1.1-15.8,0-15.1,0.1c0.8,0.1,9.6-0.6,17.6,1.1c3.3,0.7,9.3,2.2,12.4,2.7\tC239.9,8.7,242.4,8.6,242.4,8.6z M185.2,8.5c1.7-0.7-13.3,4.7-18.5,6.1c-2.1,0.6-6.2,1.6-10,2c-3.9,0.4-8.9,0.4-8.8,0.5\tc0,0.2,5.8,0.8,11.2,0c5.4-0.8,5.2-1.1,7.6-1.6C170.5,14.7,183.5,9.2,185.2,8.5z M199.1,6.9c0.2,0-0.8-0.4-4.8,1.1\tc-4,1.5-6.7,3.5-6.9,3.7c-0.2,0.1,3.5-1.8,6.6-3C197,7.5,199,6.9,199.1,6.9z M283,6c-0.1,0.1-1.9,1.1-4.8,2.5s-6.9,2.8-6.7,2.7\tc0.2,0,3.5-0.6,7.4-2.5C282.8,6.8,283.1,5.9,283,6z M31.3,11.6c0.1-0.2-1.9-0.2-4.5-1.2s-5.4-1.6-7.8-2C15,7.6,7.3,8.5,7.7,8.6\tC8,8.7,15.9,8.3,20.2,9.3c2.2,0.5,2.4,0.5,5.7,1.6S31.2,11.9,31.3,11.6z M73,9.2c0.4-0.1,3.5-1.6,8.4-2.6c4.9-1.1,8.9-0.5,8.9-0.8\tc0-0.3-1-0.9-6.2-0.3S72.6,9.3,73,9.2z M71.6,6.7C71.8,6.8,75,5.4,77.3,5c2.3-0.3,1.9-0.5,1.9-0.6c0-0.1-1.1-0.2-2.7,0.2\tC74.8,5.1,71.4,6.6,71.6,6.7z M93.6,4.4c0.1,0.2,3.5,0.8,5.6,1.8c2.1,1,1.8,0.6,1.9,0.5c0.1-0.1-0.8-0.8-2.4-1.3\tC97.1,4.8,93.5,4.2,93.6,4.4z M65.4,11.1c-0.1,0.3,0.3,0.5,1.9-0.2s2.6-1.3,2.2-1.2s-0.9,0.4-2.5,0.8C65.3,10.9,65.5,10.8,65.4,11.1\tz M34.5,12.4c-0.2,0,2.1,0.8,3.3,0.9c1.2,0.1,2,0.1,2-0.2c0-0.3-0.1-0.5-1.6-0.4C36.6,12.8,34.7,12.4,34.5,12.4z M152.2,21.1\tc-0.1,0.1-2.4-0.3-7.5-0.3c-5,0-13.6-2.4-17.2-3.5c-3.6-1.1,10,3.9,16.5,4.1C150.5,21.6,152.3,21,152.2,21.1z\"\/>\n\t<path class=\"elementor-shape-fill\" d=\"M269.6,18c-0.1-0.1-4.6,0.3-7.2,0c-7.3-0.7-17-3.2-16.6-2.9c0.4,0.3,13.7,3.1,17,3.3\tC267.7,18.8,269.7,18,269.6,18z\"\/>\n\t<path class=\"elementor-shape-fill\" d=\"M227.4,9.8c-0.2-0.1-4.5-1-9.5-1.2c-5-0.2-12.7,0.6-12.3,0.5c0.3-0.1,5.9-1.8,13.3-1.2\tS227.6,9.9,227.4,9.8z\"\/>\n\t<path class=\"elementor-shape-fill\" d=\"M204.5,13.4c-0.1-0.1,2-1,3.2-1.1c1.2-0.1,2,0,2,0.3c0,0.3-0.1,0.5-1.6,0.4\tC206.4,12.9,204.6,13.5,204.5,13.4z\"\/>\n\t<path class=\"elementor-shape-fill\" d=\"M201,10.6c0-0.1-4.4,1.2-6.3,2.2c-1.9,0.9-6.2,3.1-6.1,3.1c0.1,0.1,4.2-1.6,6.3-2.6\tS201,10.7,201,10.6z\"\/>\n\t<path class=\"elementor-shape-fill\" d=\"M154.5,26.7c-0.1-0.1-4.6,0.3-7.2,0c-7.3-0.7-17-3.2-16.6-2.9c0.4,0.3,13.7,3.1,17,3.3\tC152.6,27.5,154.6,26.8,154.5,26.7z\"\/>\n\t<path class=\"elementor-shape-fill\" d=\"M41.9,19.3c0,0,1.2-0.3,2.9-0.1c1.7,0.2,5.8,0.9,8.2,0.7c4.2-0.4,7.4-2.7,7-2.6\tc-0.4,0-4.3,2.2-8.6,1.9c-1.8-0.1-5.1-0.5-6.7-0.4S41.9,19.3,41.9,19.3z\"\/>\n\t<path class=\"elementor-shape-fill\" d=\"M75.5,12.6c0.2,0.1,2-0.8,4.3-1.1c2.3-0.2,2.1-0.3,2.1-0.5c0-0.1-1.8-0.4-3.4,0\tC76.9,11.5,75.3,12.5,75.5,12.6z\"\/>\n\t<path class=\"elementor-shape-fill\" d=\"M15.6,13.2c0-0.1,4.3,0,6.7,0.5c2.4,0.5,5,1.9,5,2c0,0.1-2.7-0.8-5.1-1.4\tC19.9,13.7,15.7,13.3,15.6,13.2z\"\/>\n<\/svg>\t\t<\/div>\n\t\t\t\t<div class=\"elementor-element elementor-element-50ab730 eael-divider-center elementor-widget elementor-widget-eael-divider\" data-id=\"50ab730\" data-element_type=\"widget\" data-e-type=\"widget\" data-widget_type=\"eael-divider.default\">\n\t\t\t\t<div class=\"elementor-widget-container\">\n\t\t\t\t\t\t\t<div class=\"eael-divider-wrap divider-direction-horizontal\">\n\t\t\t\t\t\t\t<div class=\"divider-text-container\">\n\t\t\t\t\t<div class=\"divider-text-wrap\">\n\t\t\t\t\t\t\t\t\t\t\t\t\t<span class=\"divider-border-wrap divider-border-left\">\n\t\t\t\t\t\t\t\t<span class=\"divider-border\"><\/span>\n\t\t\t\t\t\t\t<\/span>\n\t\t\t\t\t\t\t\t\t\t\t\t<span class=\"eael-divider-content\">\n\t\t\t\t\t\t\t\t\t\t\t\t\t\t\t<span class=\"eael-divider-icon\">\n\t\t\t\t\t\t\t\t\t\t\t\t\t\t\t\t\t\t\t<svg aria-hidden=\"false\" class=\"e-font-icon-svg e-fas-star\" viewBox=\"0 0 576 512\" xmlns=\"http:\/\/www.w3.org\/2000\/svg\"><path d=\"M259.3 17.8L194 150.2 47.9 171.5c-26.2 3.8-36.7 36.1-17.7 54.6l105.7 103-25 145.5c-4.5 26.3 23.2 46 46.4 33.7L288 439.6l130.7 68.7c23.2 12.2 50.9-7.4 46.4-33.7l-25-145.5 105.7-103c19-18.5 8.5-50.8-17.7-54.6L382 150.2 316.7 17.8c-11.7-23.6-45.6-23.9-57.4 0z\"><\/path><\/svg>\t\t\t\t\t\t\t\t\t\t\t\t\t\t\t\t\t<\/span>\n\t\t\t\t\t\t\t\t\t\t\t\t\t<\/span>\n\t\t\t\t\t\t\t\t\t\t\t\t\t<span class=\"divider-border-wrap divider-border-right\">\n\t\t\t\t\t\t\t\t<span class=\"divider-border\"><\/span>\n\t\t\t\t\t\t\t<\/span>\n\t\t\t\t\t\t\t\t\t\t\t<\/div>\n\t\t\t\t<\/div>\n\t\t\t\t\t<\/div>\n\t\t\t\t<\/div>\n\t\t\t\t<\/div>\n\t\t\t\t<div class=\"elementor-element elementor-element-6150f26 elementor-widget-divider--view-line_text elementor-widget-divider--element-align-center elementor-widget elementor-widget-divider\" data-id=\"6150f26\" data-element_type=\"widget\" data-e-type=\"widget\" data-widget_type=\"divider.default\">\n\t\t\t\t<div class=\"elementor-widget-container\">\n\t\t\t\t\t\t\t<div class=\"elementor-divider\">\n\t\t\t<span class=\"elementor-divider-separator\">\n\t\t\t\t\t\t\t<span class=\"elementor-divider__text elementor-divider__element\">\n\t\t\t\tMissions et services de l'ambassade\t\t\t\t<\/span>\n\t\t\t\t\t\t<\/span>\n\t\t<\/div>\n\t\t\t\t\t\t<\/div>\n\t\t\t\t<\/div>\n\t\t\t\t<div class=\"elementor-element elementor-element-676a9d4 elementor-widget elementor-widget-eael-adv-tabs\" data-id=\"676a9d4\" data-element_type=\"widget\" data-e-type=\"widget\" data-widget_type=\"eael-adv-tabs.default\">\n\t\t\t\t<div class=\"elementor-widget-container\">\n\t\t\t\t\t        <div data-scroll-on-click=\"no\" data-scroll-speed=\"300\" id=\"eael-advance-tabs-676a9d4\" class=\"eael-advance-tabs eael-tabs-vertical eael-tab-auto-active \" data-tabid=\"676a9d4\">\n            <div class=\"eael-tabs-nav \">\n                <ul class=\"eael-tab-inline-icon\" role=\"tablist\">\n                                            <li id=\"les-missions\" class=\"inactive eael-tab-item-trigger eael-tab-nav-item\" aria-selected=\"true\" data-tab=\"1\" role=\"tab\" tabindex=\"0\" aria-controls=\"les-missions-tab\" aria-expanded=\"false\">\n                            \n                                                                <svg class=\"e-font-icon-svg e-far-object-group\" viewBox=\"0 0 512 512\" xmlns=\"http:\/\/www.w3.org\/2000\/svg\"><path d=\"M500 128c6.627 0 12-5.373 12-12V44c0-6.627-5.373-12-12-12h-72c-6.627 0-12 5.373-12 12v12H96V44c0-6.627-5.373-12-12-12H12C5.373 32 0 37.373 0 44v72c0 6.627 5.373 12 12 12h12v256H12c-6.627 0-12 5.373-12 12v72c0 6.627 5.373 12 12 12h72c6.627 0 12-5.373 12-12v-12h320v12c0 6.627 5.373 12 12 12h72c6.627 0 12-5.373 12-12v-72c0-6.627-5.373-12-12-12h-12V128h12zm-52-64h32v32h-32V64zM32 64h32v32H32V64zm32 384H32v-32h32v32zm416 0h-32v-32h32v32zm-40-64h-12c-6.627 0-12 5.373-12 12v12H96v-12c0-6.627-5.373-12-12-12H72V128h12c6.627 0 12-5.373 12-12v-12h320v12c0 6.627 5.373 12 12 12h12v256zm-36-192h-84v-52c0-6.628-5.373-12-12-12H108c-6.627 0-12 5.372-12 12v168c0 6.628 5.373 12 12 12h84v52c0 6.628 5.373 12 12 12h200c6.627 0 12-5.372 12-12V204c0-6.628-5.373-12-12-12zm-268-24h144v112H136V168zm240 176H232v-24h76c6.627 0 12-5.372 12-12v-76h56v112z\"><\/path><\/svg>                                                            \n                                                            <span class=\"eael-tab-title title-after-icon\" >Les missions<\/span>                            \n                                                    <\/li>\n                                            <li id=\"les-services\" class=\"inactive eael-tab-item-trigger eael-tab-nav-item\" aria-selected=\"false\" data-tab=\"2\" role=\"tab\" tabindex=\"-1\" aria-controls=\"les-services-tab\" aria-expanded=\"false\">\n                            \n                                                                <svg class=\"e-font-icon-svg e-fab-servicestack\" viewBox=\"0 0 496 512\" xmlns=\"http:\/\/www.w3.org\/2000\/svg\"><path d=\"M88 216c81.7 10.2 273.7 102.3 304 232H0c99.5-8.1 184.5-137 88-232zm32-152c32.3 35.6 47.7 83.9 46.4 133.6C249.3 231.3 373.7 321.3 400 448h96C455.3 231.9 222.8 79.5 120 64z\"><\/path><\/svg>                                                            \n                                                            <span class=\"eael-tab-title title-after-icon\" >Les services<\/span>                            \n                                                    <\/li>\n                    \n                                  <\/ul>\n            <\/div>\n            \n            <div class=\"eael-tabs-content\">\n\t\t        \n                    <div id=\"les-missions-tab\" class=\"clearfix eael-tab-content-item inactive\" data-title-link=\"les-missions-tab\">\n\t\t\t\t        <p>L&rsquo;ambassade a pour mission de renforcer les relations entre le Burkina Faso et les pays de la juridiction et travaille \u00e0 cet effet \u00e0 promouvoir la coop\u00e9ration bilat\u00e9rale entre les deux pays dans divers domaines. De fa\u00e7on sp\u00e9cifique, elle assure\u00a0:<\/p><ul><li><strong><em>la repr\u00e9sentation du Burkina Faso dans les pays de la juridiction\u00a0;<\/em><\/strong><\/li><li><strong><em>la d\u00e9fense des int\u00e9r\u00eats du Burkina Faso dans la juridiction\u00a0;<\/em><\/strong><\/li><li><strong><em>le d\u00e9veloppement, la promotion et le suivi de toutes les questions de coop\u00e9ration ;<\/em><\/strong><\/li><li><strong><em>le recensement, la protection et l\u2019assistance des ressortissants burkinab\u00e8 vivant dans les pays de la juridiction\u00a0; les inciter \u00e0 participer au d\u00e9veloppement du Burkina Faso\u00a0;<\/em><\/strong><\/li><\/ul>                    <\/div>\n\t\t        \n                    <div id=\"les-services-tab\" class=\"clearfix eael-tab-content-item inactive\" data-title-link=\"les-services-tab\">\n\t\t\t\t        <p>Le Chef de mission est appuy\u00e9 dans ses fonctions par une \u00e9quipe organis\u00e9e au sein des services suivants conform\u00e9ment \u00e0 l\u2019organigramme\u00a0:<\/p><ul><li><strong>Le service des affaires politiques, diplomatiques et juridiques\u00a0;<\/strong><\/li><li><strong>Le service des affaires \u00e9conomiques, culturelles, de la prospection et des activit\u00e9s promotionnelles\u00a0;<\/strong><\/li><li><strong>Le service des affaires consulaires et protocolaires\u00a0;<\/strong><\/li><li><strong>La Tr\u00e9sorerie\u00a0;<\/strong><\/li><li><strong>Les services d\u2019appui.<\/strong><\/li><\/ul><p>L\u2019Ambassade est soutenue dans ses missions par un r\u00e9seau de quatre consulats honoraires dans la juridiction.<\/p>                    <\/div>\n\t\t                    <\/div>\n        <\/div>\n\t\t\t\t<\/div>\n\t\t\t\t<\/div>\n\t\t\t\t\t<\/div>\n\t\t\t\t<\/div>\n\t\t\t\t<\/div>\n\t\t","protected":false},"excerpt":{"rendered":"<p>Ambassade du Burkina Faso \u00e0 Copenhague au Danemark L&rsquo;Ambassade du Burkina Faso \u00e0 Copenhague est la repr\u00e9sentation diplomatique du Burkina Faso au Royaume de Danemark. Elle a \u00e9t\u00e9 ouverte en 1980 et couvre l\u2019ensemble des pays nordiques que sont les Royaumes de Danemark, de Su\u00e8de et de Norv\u00e8ge, ainsi que les R\u00e9publiques de Finlande et [&hellip;]<\/p>\n","protected":false},"author":4,"featured_media":0,"parent":0,"menu_order":0,"comment_status":"closed","ping_status":"closed","template":"elementor_header_footer","meta":{"_acf_changed":false,"_monsterinsights_skip_tracking":false,"_monsterinsights_sitenote_active":false,"_monsterinsights_sitenote_note":"","_monsterinsights_sitenote_category":0,"footnotes":""},"class_list":["post-3029","page","type-page","status-publish","hentry"],"acf":[],"_links":{"self":[{"href":"https:\/\/danemark.diplomatie.gov.bf\/index.php\/wp-json\/wp\/v2\/pages\/3029","targetHints":{"allow":["GET"]}}],"collection":[{"href":"https:\/\/danemark.diplomatie.gov.bf\/index.php\/wp-json\/wp\/v2\/pages"}],"about":[{"href":"https:\/\/danemark.diplomatie.gov.bf\/index.php\/wp-json\/wp\/v2\/types\/page"}],"author":[{"embeddable":true,"href":"https:\/\/danemark.diplomatie.gov.bf\/index.php\/wp-json\/wp\/v2\/users\/4"}],"replies":[{"embeddable":true,"href":"https:\/\/danemark.diplomatie.gov.bf\/index.php\/wp-json\/wp\/v2\/comments?post=3029"}],"version-history":[{"count":54,"href":"https:\/\/danemark.diplomatie.gov.bf\/index.php\/wp-json\/wp\/v2\/pages\/3029\/revisions"}],"predecessor-version":[{"id":4713,"href":"https:\/\/danemark.diplomatie.gov.bf\/index.php\/wp-json\/wp\/v2\/pages\/3029\/revisions\/4713"}],"wp:attachment":[{"href":"https:\/\/danemark.diplomatie.gov.bf\/index.php\/wp-json\/wp\/v2\/media?parent=3029"}],"curies":[{"name":"wp","href":"https:\/\/api.w.org\/{rel}","templated":true}]}}